{"id":7975,"date":"2020-03-23T14:40:39","date_gmt":"2020-03-23T13:40:39","guid":{"rendered":"https:\/\/bestwayingredients.best4u.dev\/product\/yoghurtpoeder-de\/"},"modified":"2025-08-27T12:35:45","modified_gmt":"2025-08-27T10:35:45","slug":"joghurtpulver","status":"publish","type":"product","link":"https:\/\/bestwayingredients.best4u.dev\/de\/product\/joghurtpulver\/","title":{"rendered":"Joghurtpulver"},"content":{"rendered":"<h3>Joghurtpulver<\/h3>\n<p>Joghurtpulver eignet sich f\u00fcr viele Verwendungsm\u00f6glichkeiten: Backwaren, Snacks, Schokolade und S\u00fc\u00dfwaren, Eis, Desserts oder Suppen und Saucen.<\/p>\n<p>Joghurtpulver wird aus entrahmter Milch durch Zugabe von Joghurtkulturen hergestellt, wodurch das Produkt einen bestimmten pH-Wert erreicht. Nach der Pasteurisierung und Standardisierung wird die Milch verdickt und spr\u00fchgetrocknet, um ein homogenes Pulver zu erhalten.<\/p>\n<p>Unser Joghurtpulver ist in 25 kg Beuteln erh\u00e4ltlich und kann in unge\u00f6ffneter Originalverpackung mindestens 12 Monate aufbewahrt werden. Das Produkt sollte an einem k\u00fchlen (&lt; 25 \u2103), trockenen und geruchlosen Ort aufbewahrt werden.<\/p>\n<p>&nbsp;<\/p>\n","protected":false},"excerpt":{"rendered":"<p id=\"tw-target-text\" class=\"tw-data-text tw-text-large tw-ta\" dir=\"ltr\" data-placeholder=\"Vertaling\"><strong><span class=\"Y2IQFc\" lang=\"de\">0 % S\u00fc\u00dfstoffe<br \/>\n0 % Farbstoffe<br \/>\n0 % Aromen<br \/>\n0 % Verdickungsmittel<\/span><\/strong><\/p>\n<p dir=\"ltr\" data-placeholder=\"Vertaling\"><span class=\"Y2IQFc\" lang=\"de\">\u2713 Sehr gut geeignet als Geschmaksverst\u00e4rker in Eis und Schokolade<br \/>\n\u2713 Lange Haltbarkeit<br \/>\n\u2713 Platzsparend (muss gar nicht gek\u00fchlt werden)<\/span><\/p>\n<p><strong>\u00bb Bitte beachten: Sie k\u00f6nnen aus Joghurtpulver keinen Joghurt herstellen.<\/p>\n<p><\/strong><span style=\"color: #ff0000;\"><em>25% Rabatt aufgrund Mindesthaltbarkeitsdatum 19-09-2025 auf der Verpackung<\/em><\/span><\/p>\n","protected":false},"featured_media":7976,"template":"","meta":{"_acf_changed":false,"footnotes":""},"product_brand":[],"product_cat":[200],"product_tag":[],"class_list":{"0":"post-7975","1":"product","2":"type-product","3":"status-publish","4":"has-post-thumbnail","6":"product_cat-melkpaeder","8":"first","9":"instock","10":"sale","11":"taxable","12":"shipping-taxable","13":"purchasable","14":"product-type-variable"},"acf":[],"_links":{"self":[{"href":"https:\/\/bestwayingredients.best4u.dev\/de\/wp-json\/wp\/v2\/product\/7975","targetHints":{"allow":["GET"]}}],"collection":[{"href":"https:\/\/bestwayingredients.best4u.dev\/de\/wp-json\/wp\/v2\/product"}],"about":[{"href":"https:\/\/bestwayingredients.best4u.dev\/de\/wp-json\/wp\/v2\/types\/product"}],"version-history":[{"count":15,"href":"https:\/\/bestwayingredients.best4u.dev\/de\/wp-json\/wp\/v2\/product\/7975\/revisions"}],"predecessor-version":[{"id":49628,"href":"https:\/\/bestwayingredients.best4u.dev\/de\/wp-json\/wp\/v2\/product\/7975\/revisions\/49628"}],"wp:featuredmedia":[{"embeddable":true,"href":"https:\/\/bestwayingredients.best4u.dev\/de\/wp-json\/wp\/v2\/media\/7976"}],"wp:attachment":[{"href":"https:\/\/bestwayingredients.best4u.dev\/de\/wp-json\/wp\/v2\/media?parent=7975"}],"wp:term":[{"taxonomy":"product_brand","embeddable":true,"href":"https:\/\/bestwayingredients.best4u.dev\/de\/wp-json\/wp\/v2\/product_brand?post=7975"},{"taxonomy":"product_cat","embeddable":true,"href":"https:\/\/bestwayingredients.best4u.dev\/de\/wp-json\/wp\/v2\/product_cat?post=7975"},{"taxonomy":"product_tag","embeddable":true,"href":"https:\/\/bestwayingredients.best4u.dev\/de\/wp-json\/wp\/v2\/product_tag?post=7975"}],"curies":[{"name":"wp","href":"https:\/\/api.w.org\/{rel}","templated":true}]}}