{"id":7969,"date":"2020-03-23T14:40:20","date_gmt":"2020-03-23T13:40:20","guid":{"rendered":"https:\/\/bestwayingredients.best4u.dev\/product\/magere-melkpoeder-de\/"},"modified":"2024-11-05T12:31:06","modified_gmt":"2024-11-05T11:31:06","slug":"magermilchpulver","status":"publish","type":"product","link":"https:\/\/bestwayingredients.best4u.dev\/de\/product\/magermilchpulver\/","title":{"rendered":"Magermilchpulver Gro\u00dfpackung"},"content":{"rendered":"<h3>Magermilchpulver Gro\u00dfpackung<\/h3>\n<p>Magermilchpulver ist aufgrund seiner langen Haltbarkeit und Vielseitigkeit ein beliebtes Produkt in der Lebensmittelindustrie. F\u00fcr Unternehmen kann es von Vorteil sein, Gro\u00dfpackungen Magermilchpulver zu kaufen. Zu den Vorteilen der Verwendung von Magermilchpulver in gro\u00dfen Mengen f\u00fcr gesch\u00e4ftliche Zwecke geh\u00f6ren:<\/p>\n<ol>\n<li><strong>Kosteneffizienz:<\/strong> Gro\u00dfpackungen sind oft pro Einheit g\u00fcnstiger als Kleinpackungen. Dies kann insbesondere f\u00fcr Unternehmen, die gro\u00dfe Mengen Milchpulver verwenden, erhebliche Einsparungen bringen.<\/li>\n<li><strong>Lange Haltbarkeit:<\/strong> Magermilchpulver ist l\u00e4nger haltbar als Frischmilch, sodass Unternehmen nicht so oft neue Vorr\u00e4te kaufen m\u00fcssen. Dies reduziert das Abfallrisiko und sorgt f\u00fcr eine effizientere Bestandsverwaltung.<\/li>\n<li><strong>Vielseitigkeit<\/strong>: Magermilchpulver kann in einer Vielzahl von Produkten verwendet werden, von Backwaren und Desserts bis hin zu Saucen und Suppen. Damit ist es eine wertvolle Erg\u00e4nzung f\u00fcr die Rezepturen vieler Lebensmittelhersteller.<\/li>\n<li><strong>Einfache Lagerung:<\/strong> Gro\u00dfpackungen Magermilchpulver nehmen weniger Platz ein als die gleiche Menge Fl\u00fcssigmilch. Dies kann f\u00fcr Unternehmen mit begrenzter Lagerkapazit\u00e4t n\u00fctzlich sein.<\/li>\n<li><strong>Gleichbleibende Qualit\u00e4t:<\/strong> Der Kauf von Magermilchpulver in gro\u00dfen Mengen erm\u00f6glicht es Unternehmen, eine gleichbleibende Qualit\u00e4t ihrer Produkte aufrechtzuerhalten.<\/li>\n<\/ol>\n<p>Magermilchpulver wird aus frischer entrahmter Kuhmilch hergestellt. Nachdem die Milch pasteurisiert und standardisiert wurde, wird sie eingedickt und durch einen Spr\u00fchprozess zu einem Pulver verarbeitet.<\/p>\n<p>Zur Herstellung von Milchpulver wird die Milch zun\u00e4chst auf den richtigen Milchfettanteil standardisiert. Das Wasser wird in der Vakuumanlage verdampft, bis etwa 25 % der verarbeiteten Milch \u00fcbrig bleiben. Anschlie\u00dfend gibt es mehrere M\u00f6glichkeiten, es weiter zu trocknen. Die gew\u00e4hlte Methode beeinflusst die Gr\u00f6\u00dfe der Milchpulverk\u00f6rnchen. Nachdem der Gro\u00dfteil der Milch getrocknet ist, entsteht Konzentrat. Dieses Konzentrat gelangt in einen Pulverturm, in dem der letzte Teil getrocknet wird. Dies geschieht mit einer Hochluftzentrifuge. Wenn die Milch vollst\u00e4ndig getrocknet ist, kann sie abgeseiht und verpackt werden.<\/p>\n<p>Unser Magermilchpulver ist in Beuteln zu 25 Kilogramm erh\u00e4ltlich. Das Produkt ist in versiegelter Verpackung mindestens 24 Monate ab Produktionsdatum haltbar. Sie sollten dieses Produkt an einem k\u00fchlen (&lt;25 \u2103), trockenen und geruchsfreien Ort aufbewahren.<\/p>\n","protected":false},"excerpt":{"rendered":"<p><strong><span class=\"Y2IQFc\" lang=\"de\">0 % S\u00fc\u00dfstoffe<br \/>\n0 % Farbstoffe<br \/>\n0 % Aromen<br \/>\n0 % Verdickungsmittel<\/span><\/strong><\/p>\n<p><span style=\"color: #3366ff;\">\u2713<\/span> Enth\u00e4lt weniger als 1% Fett pro 100 Gramm<br \/>\n<span class=\"Y2IQFc\" lang=\"de\"><span style=\"color: #3366ff;\">\u2713<\/span> Passt zu einem gesunden Lebensstil<\/span><br \/>\n<span class=\"Y2IQFc\" lang=\"de\"><span style=\"color: #3366ff;\">\u2713<\/span> Lange Haltbarkeit<\/span><br \/>\n<span class=\"Y2IQFc\" lang=\"de\"><span style=\"color: #3366ff;\">\u2713<\/span> Platzsparend (muss gar nicht gek\u00fchlt werden)<\/span><br \/>\n<span style=\"color: #3366ff;\">\u2713<\/span> Vielseitig einsetzbar in zahlreichen (Back)rezepte<\/p>\n<p><em>Die Produktspezifikation finden Sie\u00a0<strong><a href=\"https:\/\/bestwayingredients.best4u.dev\/wp-content\/uploads\/2024\/05\/INSTANT-SMP-VERSION-131120.2.pdf\" target=\"_blank\" rel=\"noopener noreferrer\">hier<\/a><\/strong><\/em><\/p>\n","protected":false},"featured_media":7973,"template":"","meta":{"_acf_changed":false,"footnotes":""},"product_brand":[],"product_cat":[200],"product_tag":[],"class_list":{"0":"post-7969","1":"product","2":"type-product","3":"status-publish","4":"has-post-thumbnail","6":"product_cat-melkpaeder","8":"first","9":"instock","10":"taxable","11":"shipping-taxable","12":"purchasable","13":"product-type-variable"},"acf":[],"_links":{"self":[{"href":"https:\/\/bestwayingredients.best4u.dev\/de\/wp-json\/wp\/v2\/product\/7969","targetHints":{"allow":["GET"]}}],"collection":[{"href":"https:\/\/bestwayingredients.best4u.dev\/de\/wp-json\/wp\/v2\/product"}],"about":[{"href":"https:\/\/bestwayingredients.best4u.dev\/de\/wp-json\/wp\/v2\/types\/product"}],"version-history":[{"count":17,"href":"https:\/\/bestwayingredients.best4u.dev\/de\/wp-json\/wp\/v2\/product\/7969\/revisions"}],"predecessor-version":[{"id":48226,"href":"https:\/\/bestwayingredients.best4u.dev\/de\/wp-json\/wp\/v2\/product\/7969\/revisions\/48226"}],"wp:featuredmedia":[{"embeddable":true,"href":"https:\/\/bestwayingredients.best4u.dev\/de\/wp-json\/wp\/v2\/media\/7973"}],"wp:attachment":[{"href":"https:\/\/bestwayingredients.best4u.dev\/de\/wp-json\/wp\/v2\/media?parent=7969"}],"wp:term":[{"taxonomy":"product_brand","embeddable":true,"href":"https:\/\/bestwayingredients.best4u.dev\/de\/wp-json\/wp\/v2\/product_brand?post=7969"},{"taxonomy":"product_cat","embeddable":true,"href":"https:\/\/bestwayingredients.best4u.dev\/de\/wp-json\/wp\/v2\/product_cat?post=7969"},{"taxonomy":"product_tag","embeddable":true,"href":"https:\/\/bestwayingredients.best4u.dev\/de\/wp-json\/wp\/v2\/product_tag?post=7969"}],"curies":[{"name":"wp","href":"https:\/\/api.w.org\/{rel}","templated":true}]}}