{"id":7945,"date":"2020-03-23T14:38:24","date_gmt":"2020-03-23T13:38:24","guid":{"rendered":"https:\/\/bestwayingredients.best4u.dev\/product\/wei-proteine-concentraat-80-whey-protein-de\/"},"modified":"2025-09-04T09:53:31","modified_gmt":"2025-09-04T07:53:31","slug":"molkenprotein-konzentrat","status":"publish","type":"product","link":"https:\/\/bestwayingredients.best4u.dev\/de\/product\/molkenprotein-konzentrat\/","title":{"rendered":"Molkenprotein-Konzentrat 80 % &#8211; WPC80"},"content":{"rendered":"<h3>Molkenprotein-Konzentrat 80 %<\/h3>\n<p>Molkenprotein-Konzentrat wird aus frischer Molke hergestellt, einem Nebenprodukt der K\u00e4seherstellung. Zur Herstellung von Molkenprotein-Konzentrat wird Filtration eingesetzt. Der Proteingehalt in der Trockenmasse betr\u00e4gt mindestens 80 %.<\/p>\n<p>Mit dem Molkenprotein-Konzentrat k\u00f6nnen Sie unter anderem Ihre eigene Sport- und Di\u00e4tnahrung zubereiten. Dieses Produkt kann auch in Backwaren, Schokolade und S\u00fc\u00dfwaren, Eis, Desserts oder Suppen und Saucen verwendet werden. Das Pulver enth\u00e4lt keine Farbstoffe, Aromastoffe, S\u00fc\u00dfstoffe oder Verdickungsmittel.<\/p>\n<p>Unser Molkenprotein-Konzentrat ist in 1 und 20 kg Beuteln erh\u00e4ltlich und kann in unge\u00f6ffneter Originalverpackung mindestens 24 Monate aufbewahrt werden. Das Produkt sollte an einem k\u00fchlen (&lt; 25 \u2103), trockenen und geruchlosen Ort aufbewahrt werden.<\/p>\n","protected":false},"excerpt":{"rendered":"<p>Dieses Produkt mit einem hohen Proteingehalt von ungef\u00e4hr 80 % ist f\u00fcr die Zubereitung Ihrer Sport- und Di\u00e4tnahrung geeignet.<br \/>\nEs enth\u00e4lt keine Farb-, Aroma- und S\u00fc\u00dfstoffe oder Verdickungsmittel. Das Pulver k\u00f6nnen Sie m\u00fchelos Ihre eigenen (Protein-)Shakes zubereiten.<br \/>\nDer Proteingehalt in der Trockenmasse betr\u00e4gt mindestens 80 %.<\/p>\n<p>Variationen:<br \/>\n\u00bb Geben Sie etwas Frischobst zu Ihrem Proteinshake!<br \/>\n\u00bb K\u00f6stlich auch in Kombination mit (Frucht-)Joghurt oder Quark.<br \/>\n\u00bb Best Way Molkenprotein-Konzentrat kann auch als Zutat in zahlreichen Backwaren verwendet werden, z. B. in Proteinriegeln, Proteinwaffeln, Proteinpfannkuchen, proteinreiche Kekse, Protein-Kuchen und Protein-Muffins!<\/p>\n<p><em>Die Produktspezifikation finden Sie <span style=\"color: #3366ff;\"><strong><a style=\"color: #3366ff;\" href=\"https:\/\/bestwayingredients.best4u.dev\/wp-content\/uploads\/2024\/05\/WPC-INSTANT-VERSIE-041120.6.pdf\" target=\"_blank\" rel=\"noopener noreferrer\">hier<\/a><\/strong><\/span><\/em><\/p>\n","protected":false},"featured_media":24285,"template":"","meta":{"_acf_changed":false,"footnotes":""},"product_brand":[],"product_cat":[203],"product_tag":[],"class_list":{"0":"post-7945","1":"product","2":"type-product","3":"status-publish","4":"has-post-thumbnail","6":"product_cat-molkenprotein","8":"first","9":"instock","10":"taxable","11":"shipping-taxable","12":"purchasable","13":"product-type-variable"},"acf":[],"_links":{"self":[{"href":"https:\/\/bestwayingredients.best4u.dev\/de\/wp-json\/wp\/v2\/product\/7945","targetHints":{"allow":["GET"]}}],"collection":[{"href":"https:\/\/bestwayingredients.best4u.dev\/de\/wp-json\/wp\/v2\/product"}],"about":[{"href":"https:\/\/bestwayingredients.best4u.dev\/de\/wp-json\/wp\/v2\/types\/product"}],"version-history":[{"count":21,"href":"https:\/\/bestwayingredients.best4u.dev\/de\/wp-json\/wp\/v2\/product\/7945\/revisions"}],"predecessor-version":[{"id":49657,"href":"https:\/\/bestwayingredients.best4u.dev\/de\/wp-json\/wp\/v2\/product\/7945\/revisions\/49657"}],"wp:featuredmedia":[{"embeddable":true,"href":"https:\/\/bestwayingredients.best4u.dev\/de\/wp-json\/wp\/v2\/media\/24285"}],"wp:attachment":[{"href":"https:\/\/bestwayingredients.best4u.dev\/de\/wp-json\/wp\/v2\/media?parent=7945"}],"wp:term":[{"taxonomy":"product_brand","embeddable":true,"href":"https:\/\/bestwayingredients.best4u.dev\/de\/wp-json\/wp\/v2\/product_brand?post=7945"},{"taxonomy":"product_cat","embeddable":true,"href":"https:\/\/bestwayingredients.best4u.dev\/de\/wp-json\/wp\/v2\/product_cat?post=7945"},{"taxonomy":"product_tag","embeddable":true,"href":"https:\/\/bestwayingredients.best4u.dev\/de\/wp-json\/wp\/v2\/product_tag?post=7945"}],"curies":[{"name":"wp","href":"https:\/\/api.w.org\/{rel}","templated":true}]}}