{"id":7089,"date":"2019-04-26T05:29:50","date_gmt":"2019-04-26T05:29:50","guid":{"rendered":"https:\/\/bestwayingredients.best4u.dev\/privacyverklaring\/"},"modified":"2021-06-07T12:53:27","modified_gmt":"2021-06-07T10:53:27","slug":"datenschutzerklaerung","status":"publish","type":"page","link":"https:\/\/bestwayingredients.best4u.dev\/de\/datenschutzerklaerung\/","title":{"rendered":"Datenschutzerkl\u00e4rung"},"content":{"rendered":"<div id=\"thz-section-holder-sa607f0b2\" class=\"thz-section-holder section-notcontained none\" data-view-brightness=\"none\">\n\t<section class=\"thz-section\">\n\t\t<div class=\"thz-section-in\">\n\t\t\t\t\t<div class=\"thz-container content-contained thz-site-width\">\n\t\t\t\t<div class=\"thz-row\">\n\t<div id=\"thz-column-c48aa668b\" class=\"content-block thz-column thz-col-2-3 fstart\">\n\t<div class=\"thz-column-container\">\n        <div class=\"thz-column-in\">\n                        <div class=\"thz-column-shortcodes\">\t\n                <div id=\"thz-sh-cedbbed1\" class=\"thz-shc thz-heading thz-sh-cedbbed1 thz-sh-plain thz-sh-pos-both\">\n\t<div class=\"thz-heading-holder\">\n\t\t\t\t<h1 class=\"thz-heading-title\">Datenschutzerkl\u00e4rung<\/h1>\t\t\t<\/div>\n<\/div><div id=\"thz-text-block-110dc8e0\" class=\"thz-shc thz-text-block\"><p><strong>\u00a0<\/strong><\/p><p>Best Way Ingredients B.V. respektiert das Recht auf Privatsph\u00e4re aller Nutzer ihrer Website und stellt sicher, dass die von Ihnen bereitgestellten personenbezogenen Daten vertraulich behandelt werden. Wir verwenden Ihre Daten, um Ihre Bestellungen so schnell und einfach wie m\u00f6glich zu bearbeiten. Wir werden Sie stets um Ihre Einwilligung bitten, um Ihre personenbezogenen Daten zu anderen Zwecken zu verwenden. Best Way Ingredients B.V. verkauft Ihre personenbezogenen Daten nicht an Dritte und gibt sie nur im Rahmen der Bearbeitung Ihrer Bestellung an Dritte weiter.<\/p><p>&nbsp;<\/p><p>Best Way Ingredients B.V. verwendet die erhobenen Daten, um ihren Kunden die folgenden Dienstleistungen zu erbringen:<\/p><p>&nbsp;<\/p><ul><li>Wenn Sie eine Bestellung aufgeben, ben\u00f6tigen wir Ihren Namen, Ihre E-Mail-Adresse, Ihre Lieferadresse und Ihre Zahlungsdaten, um Ihre Bestellung zu bearbeiten und Sie \u00fcber den Status Ihrer Bestellung auf dem Laufenden zu halten.<\/li><li>Um Ihre Einkaufserfahrung so angenehm wie m\u00f6glich zu gestalten, speichert Best Way Ingredients B.V. mit Ihrer Einwilligung Ihre personenbezogenen Daten und Informationen zu Ihrer Bestellung und zu Ihrer Nutzung unserer Dienstleistungen. Dies erm\u00f6glicht uns die Personalisierung der Website.<\/li><li>Wir verwenden Ihre E-Mail-Adresse, um Sie \u00fcber unsere Produktpalette (und deren Erweiterung) zu informieren. Wenn Sie diese Informationen nicht l\u00e4nger erhalten m\u00f6chten, k\u00f6nnen Sie sie abbestellen, indem Sie eine E-Mail an <a href=\"mailto:info@bestwayingredients.com\">info@bestwayingredients.com<\/a><\/li><li>Wenn Sie eine Bestellung bei Best Way Ingredients B.V. aufgeben, speichern wir Ihre Daten auf einem sicheren Server. Sofern gew\u00fcnscht, k\u00f6nnen Sie einen Benutzernamen und ein Passwort erstellen, sodass Sie bei der n\u00e4chsten Bestellung Ihren Namen und Ihre Adresse, Telefonnummer, E-Mail-Adresse, Liefer- und Zahlungsdaten nicht erneut eingeben m\u00fcssen.<\/li><li>Informationen \u00fcber die Nutzung unserer Website und das Feedback, das wir von unseren Besuchern erhalten, hilft uns bei der Weiterentwicklung und Verbesserung unserer Website.<\/li><\/ul><p>&nbsp;<\/p><h1>Best Way Ingredients B.V. verkauft Ihre Daten nicht<\/h1><p><strong>\u00a0<\/strong><\/p><p>Best Way Ingredients B.V. verkauft Ihre personenbezogenen Daten nicht an Dritte und gibt sie nur im Rahmen der Bearbeitung Ihrer Bestellung an Dritte weiter. Unsere Besch\u00e4ftigten und die von uns beauftragten Drittunternehmen sind verpflichtet, die Vertraulichkeit Ihrer personenbezogenen Daten zu respektieren.<\/p><p>&nbsp;<\/p><h1>Cookies<\/h1><p>Cookies sind kleine Textdateien, die auf Ihrem Computer gespeichert werden.<\/p><p>Best Way Ingredients B.V. verwendet Cookies, um Sie bei Ihrem n\u00e4chsten Besuch zu erkennen. Cookies erm\u00f6glichen, Informationen \u00fcber die Nutzung unserer Dienstleistungen zu sammeln, diese zu verbessern an die W\u00fcnsche unserer Besucher anzupassen. Unsere Cookies liefern Informationen zu Ihrer pers\u00f6nlichen Identifizierung. Sie k\u00f6nnen Ihren Browser so einstellen, dass er Cookies blockiert, w\u00e4hrend Sie bei Best Way Ingredients B.V. einkaufen.<\/p><p>&nbsp;<\/p><p>Bei Fragen zur Datenschutzerkl\u00e4rung der Best Way Ingredients B.V. setzen Sie sich bitte mit uns in Verbindung. Unser Kundenservice hilft Ihnen, wenn Sie Informationen \u00fcber Ihre personenbezogenen Daten ben\u00f6tigen oder wenn Sie diese \u00e4ndern wollen. Wir \u00fcberpr\u00fcfen regelm\u00e4\u00dfig unsere Datenschutzerkl\u00e4rung. Auf dieser Seite finden Sie stets die aktuellsten Informationen.<\/p><p>&nbsp;<\/p><h1>Haftungsausschluss<\/h1><p><strong>\u00a0<\/strong><\/p><p>Trotz gr\u00f6\u00dfter Sorgfalt und Aufmerksamkeit bei der Gestaltung dieser Website, kann Best Way Ingredients B.V. die Unvollst\u00e4ndigkeit oder Fehlerhaftigkeit der Angaben auf dieser Website nicht ausschlie\u00dfen. Zudem kann sie nicht garantieren, dass diese Website frei von Viren oder sonstigen sch\u00e4dlichen Elementen ist.<\/p><p>&nbsp;<\/p><p>Die Informationen auf dieser Website werden von Best Way Ingredients B.V. regelm\u00e4\u00dfig aktualisiert. Ver\u00e4nderungen k\u00f6nnen jederzeit ohne Vorank\u00fcndigung vorgenommen werden, und der Zugang zu dieser Website und ihre Nutzung k\u00f6nnen jederzeit ohne Vorank\u00fcndigung beendet werden.<\/p><p>&nbsp;<\/p><p>Alle Inhalte der Website, einschlie\u00dflich der Texte, sind alleiniges Eigentum der Best Way Ingredients B.V. oder ihrer Zulieferer und Anbieter und durch niederl\u00e4ndische und internationale Urheberrechtsgesetze gesch\u00fctzt.<\/p><p>&nbsp;<\/p><p>Best Way Ingredients B.V. kann nicht garantieren, dass die Informationen auf dieser Website f\u00fcr die Zwecke geeignet sind, f\u00fcr die Sie sie gegebenenfalls heranziehen. Alle Informationen, Produkte und Dienstleistungen werden in dem Zustand angeboten, in dem sie sich tats\u00e4chlich befinden, und ohne jegliche (stillschweigende) Garantie oder Gew\u00e4hrleistung hinsichtlich ihrer Verl\u00e4sslichkeit und Eignung zu bestimmten oder sonstigen Zwecken.<\/p><p>&nbsp;<\/p><p>Best Way Ingredients B.V. \u00fcbernimmt keine Haftung f\u00fcr Sch\u00e4den, die sich aus der Nutzung dieser Website ergeben oder in irgendeiner Weise mit ihrer Nutzung verbunden sind, einschlie\u00dflich aber nicht beschr\u00e4nkt auf direkte oder mittelbare Sch\u00e4den, Nebensch\u00e4den zus\u00e4tzliche und Folgesch\u00e4den.<\/p><\/div>            <\/div>\n                                            <\/div>\n    <\/div>\n<\/div><\/div>\t\t\t<\/div>\n\t\t\t\t<\/div>\n\t\t\t\t<\/section>\n<\/div>\n\n","protected":false},"excerpt":{"rendered":"<p>Datenschutzerkl\u00e4rung \u00a0Best Way Ingredients B.V. respektiert das Recht auf Privatsph\u00e4re aller Nutzer ihrer Website und stellt sicher, dass die von Ihnen bereitgestellten personenbezogenen Daten vertraulich behandelt werden. Wir verwenden Ihre Daten, um Ihre Bestellungen so schnell und einfach wie m\u00f6glich zu bearbeiten. Wir werden Sie stets um Ihre Einwilligung bitten, um Ihre personenbezogenen Daten zu anderen Zwecken zu verwenden. Best Way Ingredients B.V. verkauft Ihre personenbezogenen Daten nicht an Dritte und gibt sie nur im Rahmen der Bearbeitung Ihrer Bestellung an Dritte weiter.&nbsp;Best Way Ingredients B.V. verwendet die erhobenen Daten, um ihren Kunden die folgenden Dienstleistungen zu erbringen:&nbsp;Wenn Sie eine Bestellung aufgeben, ben\u00f6tigen wir Ihren Namen, Ihre E-Mail-Adresse, Ihre Lieferadresse und Ihre Zahlungsdaten, um Ihre Bestellung zu bearbeiten und Sie \u00fcber den Status Ihrer Bestellung auf dem Laufenden zu halten.Um Ihre Einkaufserfahrung so angenehm wie m\u00f6glich zu gestalten, speichert Best Way Ingredients B.V. mit Ihrer Einwilligung Ihre personenbezogenen Daten und Informationen zu Ihrer Bestellung und zu Ihrer Nutzung unserer Dienstleistungen. Dies erm\u00f6glicht uns die Personalisierung der Website.Wir verwenden Ihre E-Mail-Adresse, um Sie \u00fcber unsere Produktpalette (und deren Erweiterung) zu informieren. Wenn Sie diese Informationen nicht l\u00e4nger erhalten m\u00f6chten, k\u00f6nnen Sie sie abbestellen, indem Sie eine E-Mail an info@bestwayingredients.comWenn Sie eine [&hellip;]<\/p>\n","protected":false},"author":1,"featured_media":0,"parent":0,"menu_order":0,"comment_status":"closed","ping_status":"closed","template":"template-parts\/page-builder.php","meta":{"_acf_changed":false,"footnotes":""},"tags":[],"class_list":["post-7089","page","type-page","status-publish","hentry"],"acf":[],"_links":{"self":[{"href":"https:\/\/bestwayingredients.best4u.dev\/de\/wp-json\/wp\/v2\/pages\/7089","targetHints":{"allow":["GET"]}}],"collection":[{"href":"https:\/\/bestwayingredients.best4u.dev\/de\/wp-json\/wp\/v2\/pages"}],"about":[{"href":"https:\/\/bestwayingredients.best4u.dev\/de\/wp-json\/wp\/v2\/types\/page"}],"author":[{"embeddable":true,"href":"https:\/\/bestwayingredients.best4u.dev\/de\/wp-json\/wp\/v2\/users\/1"}],"replies":[{"embeddable":true,"href":"https:\/\/bestwayingredients.best4u.dev\/de\/wp-json\/wp\/v2\/comments?post=7089"}],"version-history":[{"count":4,"href":"https:\/\/bestwayingredients.best4u.dev\/de\/wp-json\/wp\/v2\/pages\/7089\/revisions"}],"predecessor-version":[{"id":9350,"href":"https:\/\/bestwayingredients.best4u.dev\/de\/wp-json\/wp\/v2\/pages\/7089\/revisions\/9350"}],"wp:attachment":[{"href":"https:\/\/bestwayingredients.best4u.dev\/de\/wp-json\/wp\/v2\/media?parent=7089"}],"wp:term":[{"taxonomy":"post_tag","embeddable":true,"href":"https:\/\/bestwayingredients.best4u.dev\/de\/wp-json\/wp\/v2\/tags?post=7089"}],"curies":[{"name":"wp","href":"https:\/\/api.w.org\/{rel}","templated":true}]}}